{"id":315,"date":"2019-03-17T13:19:38","date_gmt":"2019-03-17T13:19:38","guid":{"rendered":"http:\/\/hhportfolios.com\/?page_id=315"},"modified":"2020-03-31T10:54:50","modified_gmt":"2020-03-31T10:54:50","slug":"about","status":"publish","type":"page","link":"https:\/\/hhportfolios.com\/en","title":{"rendered":"Heiner Hauck Portfolios | Home"},"content":{"rendered":"<p><div class=\"fusion-fullwidth fullwidth-box fusion-builder-row-1 border-bottom nonhundred-percent-fullwidth non-hundred-percent-height-scrolling\" style=\"--awb-border-radius-top-left:0px;--awb-border-radius-top-right:0px;--awb-border-radius-bottom-right:0px;--awb-border-radius-bottom-left:0px;--awb-flex-wrap:wrap;\" ><div class=\"fusion-builder-row fusion-row\"><div class=\"fusion-layout-column fusion_builder_column fusion-builder-column-0 fusion_builder_column_1_3 1_3 fusion-one-third fusion-column-first\" style=\"--awb-bg-size:cover;width:33.333333333333%;width:calc(33.333333333333% - ( ( 4% + 4% ) * 0.33333333333333 ) );margin-right: 4%;\"><div class=\"fusion-column-wrapper fusion-flex-column-wrapper-legacy\"><div class=\"fusion-text fusion-text-1\"><h2>Portfolios<\/h2>\n<p><span class=\"fusion-dropcap dropcap dropcap-boxed\" style=\"--awb-border-radius:50%;--awb-background:#f48200;\">1<\/span>We offer highest quality, handmade presentation media such as portfolios, flexbooks, and archive cases that present your work in the perfect light. Made only from exclusive material to your individual demands and needs, you can order our books directly from our shops in Hamburg or Berlin. Please contact us with any questions you may have!<\/p>\n<\/div><div class=\"fusion-clearfix\"><\/div><\/div><\/div><div class=\"fusion-layout-column fusion_builder_column fusion-builder-column-1 fusion_builder_column_1_3 1_3 fusion-one-third\" style=\"--awb-bg-size:cover;width:33.333333333333%;width:calc(33.333333333333% - ( ( 4% + 4% ) * 0.33333333333333 ) );margin-right: 4%;\"><div class=\"fusion-column-wrapper fusion-flex-column-wrapper-legacy\"><div class=\"fusion-text fusion-text-2\"><h2>Projects<\/h2>\n<p><span class=\"fusion-dropcap dropcap dropcap-boxed\" style=\"--awb-border-radius:50%;--awb-background:#f48200;\">2<\/span>Archiving and restoration: the bookbinding workshop. Museums, collectors, galleries and film production studios will find our selection of custom-made articles here. Whether you need an historical bible to be restored, an archive case for a limited art edition, props for a new film, or have any other special wish, try us&#8230; we are at your service!<\/p>\n<\/div><div class=\"fusion-clearfix\"><\/div><\/div><\/div><div class=\"fusion-layout-column fusion_builder_column fusion-builder-column-2 fusion_builder_column_1_3 1_3 fusion-one-third fusion-column-last\" style=\"--awb-bg-size:cover;width:33.333333333333%;width:calc(33.333333333333% - ( ( 4% + 4% ) * 0.33333333333333 ) );\"><div class=\"fusion-column-wrapper fusion-flex-column-wrapper-legacy\"><div class=\"fusion-text fusion-text-3\"><h2>Menus <a href=\"https:\/\/speisekarten-von-heinerhauck.de\/\" target=\"_blank\" rel=\"noopener noreferrer\">[visit site]<\/a><\/h2>\n<p><span class=\"921365710-01032012\"><span class=\"fusion-dropcap dropcap dropcap-boxed\" style=\"--awb-border-radius:50%;--awb-background:#f48200;\">3<\/span><\/span>We are specialized in custom design \u2028and production of individual and exclusive menus for gourmet restaurants. Furthermore, we produce handcrafted bill folders, \u2028in-room dining menus, guest room folders and guest books. The creative menu team is passionate about working hand in hand with the most creative chefs to help them present their culinary vision in an elegant and stylish manner.<\/p>\n<\/div><div class=\"fusion-clearfix\"><\/div><\/div><\/div><\/div><\/div><div class=\"fusion-fullwidth fullwidth-box fusion-builder-row-2 nonhundred-percent-fullwidth non-hundred-percent-height-scrolling\" style=\"--awb-border-radius-top-left:0px;--awb-border-radius-top-right:0px;--awb-border-radius-bottom-right:0px;--awb-border-radius-bottom-left:0px;--awb-margin-top:5%;--awb-flex-wrap:wrap;\" ><div class=\"fusion-builder-row fusion-row\"><div class=\"fusion-layout-column fusion_builder_column fusion-builder-column-3 fusion_builder_column_1_3 1_3 fusion-one-third fusion-column-first\" style=\"--awb-bg-position:center top;--awb-bg-size:cover;width:33.333333333333%;width:calc(33.333333333333% - ( ( 4% + 4% ) * 0.33333333333333 ) );margin-right: 4%;\"><div class=\"fusion-column-wrapper fusion-flex-column-wrapper-legacy\"><div class=\"fusion-image-element in-legacy-container\" style=\"--awb-caption-title-font-family:var(--h2_typography-font-family);--awb-caption-title-font-weight:var(--h2_typography-font-weight);--awb-caption-title-font-style:var(--h2_typography-font-style);--awb-caption-title-size:var(--h2_typography-font-size);--awb-caption-title-transform:var(--h2_typography-text-transform);--awb-caption-title-line-height:var(--h2_typography-line-height);--awb-caption-title-letter-spacing:var(--h2_typography-letter-spacing);\"><span class=\" fusion-imageframe imageframe-none imageframe-1 hover-type-none\"><img decoding=\"async\" width=\"600\" height=\"400\" alt=\"Portfolios \/ Pr\u00e4sentationsmappen in dieversen Gr\u00f6\u00dfen und Variationen\" title=\"heiner-hauck-portfolios-29\" src=\"http:\/\/hhportfolios.com\/wp-content\/uploads\/2019\/03\/heiner-hauck-portfolios-29.jpg\" class=\"img-responsive wp-image-488\" srcset=\"https:\/\/hhportfolios.com\/wp-content\/uploads\/2019\/03\/heiner-hauck-portfolios-29-200x133.jpg 200w, https:\/\/hhportfolios.com\/wp-content\/uploads\/2019\/03\/heiner-hauck-portfolios-29-400x267.jpg 400w, https:\/\/hhportfolios.com\/wp-content\/uploads\/2019\/03\/heiner-hauck-portfolios-29.jpg 600w\" sizes=\"(max-width: 800px) 100vw, 400px\" \/><\/span><\/div><div class=\"fusion-sep-clear\"><\/div><div class=\"fusion-separator fusion-full-width-sep\" style=\"margin-left: auto;margin-right: auto;margin-top:2%;margin-bottom:2%;width:100%;\"><\/div><div class=\"fusion-sep-clear\"><\/div><div class=\"fusion-title title fusion-title-1 sep-underline sep-solid fusion-title-text fusion-title-size-five\"><h5 class=\"fusion-title-heading title-heading-left\" style=\"margin:0;\">Samples in showroom at Hamburg<\/h5><\/div><div class=\"fusion-clearfix\"><\/div><\/div><\/div><div class=\"fusion-layout-column fusion_builder_column fusion-builder-column-4 fusion_builder_column_1_3 1_3 fusion-one-third\" style=\"--awb-bg-position:center top;--awb-bg-size:cover;width:33.333333333333%;width:calc(33.333333333333% - ( ( 4% + 4% ) * 0.33333333333333 ) );margin-right: 4%;\"><div class=\"fusion-column-wrapper fusion-flex-column-wrapper-legacy\"><div class=\"fusion-image-element in-legacy-container\" style=\"--awb-caption-title-font-family:var(--h2_typography-font-family);--awb-caption-title-font-weight:var(--h2_typography-font-weight);--awb-caption-title-font-style:var(--h2_typography-font-style);--awb-caption-title-size:var(--h2_typography-font-size);--awb-caption-title-transform:var(--h2_typography-text-transform);--awb-caption-title-line-height:var(--h2_typography-line-height);--awb-caption-title-letter-spacing:var(--h2_typography-letter-spacing);\"><span class=\" fusion-imageframe imageframe-none imageframe-2 hover-type-none\"><img decoding=\"async\" width=\"600\" height=\"400\" alt=\"Au\u00dfenansicht der Buchbinder-Werkstatt in Berlin\" title=\"heiner-hauck-portfolios-39\" src=\"http:\/\/hhportfolios.com\/wp-content\/uploads\/2019\/03\/heiner-hauck-portfolios-39.jpg\" class=\"img-responsive wp-image-508\" srcset=\"https:\/\/hhportfolios.com\/wp-content\/uploads\/2019\/03\/heiner-hauck-portfolios-39-200x133.jpg 200w, https:\/\/hhportfolios.com\/wp-content\/uploads\/2019\/03\/heiner-hauck-portfolios-39-400x267.jpg 400w, https:\/\/hhportfolios.com\/wp-content\/uploads\/2019\/03\/heiner-hauck-portfolios-39.jpg 600w\" sizes=\"(max-width: 800px) 100vw, 400px\" \/><\/span><\/div><div class=\"fusion-sep-clear\"><\/div><div class=\"fusion-separator fusion-full-width-sep\" style=\"margin-left: auto;margin-right: auto;margin-top:2%;margin-bottom:2%;width:100%;\"><\/div><div class=\"fusion-sep-clear\"><\/div><div class=\"fusion-title title fusion-title-2 sep-underline sep-solid fusion-title-text fusion-title-size-five\"><h5 class=\"fusion-title-heading title-heading-left\" style=\"margin:0;\">Shop and bookbindery at Berlin<\/h5><\/div><div class=\"fusion-clearfix\"><\/div><\/div><\/div><div class=\"fusion-layout-column fusion_builder_column fusion-builder-column-5 fusion_builder_column_1_3 1_3 fusion-one-third fusion-column-last\" style=\"--awb-padding-right:3%;--awb-padding-left:3%;--awb-bg-color:#ff9900;--awb-bg-color-hover:#ff9900;--awb-bg-position:center top;--awb-bg-size:cover;width:33.333333333333%;width:calc(33.333333333333% - ( ( 4% + 4% ) * 0.33333333333333 ) );\"><div class=\"fusion-column-wrapper fusion-flex-column-wrapper-legacy\"><div class=\"fusion-image-carousel fusion-image-carousel-auto fusion-image-carousel-1 fusion-carousel-border\"><div class=\"awb-carousel awb-swiper awb-swiper-carousel\" data-autoplay=\"yes\" data-columns=\"1\" data-itemmargin=\"13\" data-itemwidth=\"180\" data-touchscroll=\"no\" data-imagesize=\"auto\" style=\"--awb-columns:1;\"><div class=\"swiper-wrapper awb-image-carousel-wrapper fusion-flex-align-items-center\"><div class=\"swiper-slide\"><div class=\"fusion-carousel-item-wrapper\"><div class=\"fusion-image-wrapper hover-type-none\"><img decoding=\"async\" width=\"600\" height=\"400\" src=\"https:\/\/hhportfolios.com\/wp-content\/uploads\/2019\/03\/heiner-hauck-portfolios-65.jpg\" class=\"attachment-full size-full\" alt=\"Buchbinderei \u2013 Zuschnitt Lederportfolio\" srcset=\"https:\/\/hhportfolios.com\/wp-content\/uploads\/2019\/03\/heiner-hauck-portfolios-65-200x133.jpg 200w, https:\/\/hhportfolios.com\/wp-content\/uploads\/2019\/03\/heiner-hauck-portfolios-65-400x267.jpg 400w, https:\/\/hhportfolios.com\/wp-content\/uploads\/2019\/03\/heiner-hauck-portfolios-65.jpg 600w\" sizes=\"(max-width: 600px) 100vw, 600px\" \/><\/div><\/div><\/div><div class=\"swiper-slide\"><div class=\"fusion-carousel-item-wrapper\"><div class=\"fusion-image-wrapper hover-type-none\"><img decoding=\"async\" width=\"600\" height=\"400\" src=\"https:\/\/hhportfolios.com\/wp-content\/uploads\/2019\/03\/heiner-hauck-portfolios-66.jpg\" class=\"attachment-full size-full\" alt=\"Buchbinderei \u2013 Zuschnitt Lederportfolio\" srcset=\"https:\/\/hhportfolios.com\/wp-content\/uploads\/2019\/03\/heiner-hauck-portfolios-66-200x133.jpg 200w, https:\/\/hhportfolios.com\/wp-content\/uploads\/2019\/03\/heiner-hauck-portfolios-66-400x267.jpg 400w, https:\/\/hhportfolios.com\/wp-content\/uploads\/2019\/03\/heiner-hauck-portfolios-66.jpg 600w\" sizes=\"(max-width: 600px) 100vw, 600px\" \/><\/div><\/div><\/div><div class=\"swiper-slide\"><div class=\"fusion-carousel-item-wrapper\"><div class=\"fusion-image-wrapper hover-type-none\"><img decoding=\"async\" width=\"600\" height=\"400\" src=\"https:\/\/hhportfolios.com\/wp-content\/uploads\/2019\/03\/heiner-hauck-portfolios-53.jpg\" class=\"attachment-full size-full\" alt=\"Galeriebild Buchbinderwerkstatt Berlin\" srcset=\"https:\/\/hhportfolios.com\/wp-content\/uploads\/2019\/03\/heiner-hauck-portfolios-53-200x133.jpg 200w, https:\/\/hhportfolios.com\/wp-content\/uploads\/2019\/03\/heiner-hauck-portfolios-53-400x267.jpg 400w, https:\/\/hhportfolios.com\/wp-content\/uploads\/2019\/03\/heiner-hauck-portfolios-53.jpg 600w\" sizes=\"(max-width: 600px) 100vw, 600px\" \/><\/div><\/div><\/div><div class=\"swiper-slide\"><div class=\"fusion-carousel-item-wrapper\"><div class=\"fusion-image-wrapper hover-type-none\"><img decoding=\"async\" width=\"600\" height=\"400\" src=\"https:\/\/hhportfolios.com\/wp-content\/uploads\/2019\/03\/heiner-hauck-portfolios-40.jpg\" class=\"attachment-full size-full\" alt=\"Spezialanfertigung Kunstpr\u00e4sentation\" srcset=\"https:\/\/hhportfolios.com\/wp-content\/uploads\/2019\/03\/heiner-hauck-portfolios-40-200x133.jpg 200w, https:\/\/hhportfolios.com\/wp-content\/uploads\/2019\/03\/heiner-hauck-portfolios-40-400x267.jpg 400w, https:\/\/hhportfolios.com\/wp-content\/uploads\/2019\/03\/heiner-hauck-portfolios-40.jpg 600w\" sizes=\"(max-width: 600px) 100vw, 600px\" \/><\/div><\/div><\/div><div class=\"swiper-slide\"><div class=\"fusion-carousel-item-wrapper\"><div class=\"fusion-image-wrapper hover-type-none\"><img decoding=\"async\" width=\"600\" height=\"400\" src=\"https:\/\/hhportfolios.com\/wp-content\/uploads\/2019\/03\/heiner-hauck-portfolios-41.jpg\" class=\"attachment-full size-full\" alt=\"Spezialanfertigung Kunstpr\u00e4sentation\" srcset=\"https:\/\/hhportfolios.com\/wp-content\/uploads\/2019\/03\/heiner-hauck-portfolios-41-200x133.jpg 200w, https:\/\/hhportfolios.com\/wp-content\/uploads\/2019\/03\/heiner-hauck-portfolios-41-400x267.jpg 400w, https:\/\/hhportfolios.com\/wp-content\/uploads\/2019\/03\/heiner-hauck-portfolios-41.jpg 600w\" sizes=\"(max-width: 600px) 100vw, 600px\" \/><\/div><\/div><\/div><div class=\"swiper-slide\"><div class=\"fusion-carousel-item-wrapper\"><div class=\"fusion-image-wrapper hover-type-none\"><img decoding=\"async\" width=\"600\" height=\"400\" src=\"https:\/\/hhportfolios.com\/wp-content\/uploads\/2019\/03\/heiner-hauck-portfolios-42.jpg\" class=\"attachment-full size-full\" alt=\"Spezialanfertigung Kunstpr\u00e4sentation\" srcset=\"https:\/\/hhportfolios.com\/wp-content\/uploads\/2019\/03\/heiner-hauck-portfolios-42-200x133.jpg 200w, https:\/\/hhportfolios.com\/wp-content\/uploads\/2019\/03\/heiner-hauck-portfolios-42-400x267.jpg 400w, https:\/\/hhportfolios.com\/wp-content\/uploads\/2019\/03\/heiner-hauck-portfolios-42.jpg 600w\" sizes=\"(max-width: 600px) 100vw, 600px\" \/><\/div><\/div><\/div><div class=\"swiper-slide\"><div class=\"fusion-carousel-item-wrapper\"><div class=\"fusion-image-wrapper hover-type-none\"><img decoding=\"async\" width=\"600\" height=\"400\" src=\"https:\/\/hhportfolios.com\/wp-content\/uploads\/2019\/03\/heiner-hauck-portfolios-43.jpg\" class=\"attachment-full size-full\" alt=\"Spezialanfertigung Kunstpr\u00e4sentation\" srcset=\"https:\/\/hhportfolios.com\/wp-content\/uploads\/2019\/03\/heiner-hauck-portfolios-43-200x133.jpg 200w, https:\/\/hhportfolios.com\/wp-content\/uploads\/2019\/03\/heiner-hauck-portfolios-43-400x267.jpg 400w, https:\/\/hhportfolios.com\/wp-content\/uploads\/2019\/03\/heiner-hauck-portfolios-43.jpg 600w\" sizes=\"(max-width: 600px) 100vw, 600px\" \/><\/div><\/div><\/div><div class=\"swiper-slide\"><div class=\"fusion-carousel-item-wrapper\"><div class=\"fusion-image-wrapper hover-type-none\"><img decoding=\"async\" width=\"600\" height=\"400\" src=\"https:\/\/hhportfolios.com\/wp-content\/uploads\/2019\/03\/heiner-hauck-portfolios-58.jpg\" class=\"attachment-full size-full\" alt=\"Galeriebild Buchbinderwerkstatt Berlin\" srcset=\"https:\/\/hhportfolios.com\/wp-content\/uploads\/2019\/03\/heiner-hauck-portfolios-58-200x133.jpg 200w, https:\/\/hhportfolios.com\/wp-content\/uploads\/2019\/03\/heiner-hauck-portfolios-58-400x267.jpg 400w, https:\/\/hhportfolios.com\/wp-content\/uploads\/2019\/03\/heiner-hauck-portfolios-58.jpg 600w\" sizes=\"(max-width: 600px) 100vw, 600px\" \/><\/div><\/div><\/div><div class=\"swiper-slide\"><div class=\"fusion-carousel-item-wrapper\"><div class=\"fusion-image-wrapper hover-type-none\"><img decoding=\"async\" width=\"600\" height=\"400\" src=\"https:\/\/hhportfolios.com\/wp-content\/uploads\/2019\/03\/heiner-hauck-portfolios-57.jpg\" class=\"attachment-full size-full\" alt=\"Galeriebild Buchbinderwerkstatt Berlin\" srcset=\"https:\/\/hhportfolios.com\/wp-content\/uploads\/2019\/03\/heiner-hauck-portfolios-57-200x133.jpg 200w, https:\/\/hhportfolios.com\/wp-content\/uploads\/2019\/03\/heiner-hauck-portfolios-57-400x267.jpg 400w, https:\/\/hhportfolios.com\/wp-content\/uploads\/2019\/03\/heiner-hauck-portfolios-57.jpg 600w\" sizes=\"(max-width: 600px) 100vw, 600px\" \/><\/div><\/div><\/div><div class=\"swiper-slide\"><div class=\"fusion-carousel-item-wrapper\"><div class=\"fusion-image-wrapper hover-type-none\"><img decoding=\"async\" width=\"600\" height=\"400\" src=\"https:\/\/hhportfolios.com\/wp-content\/uploads\/2019\/03\/heiner-hauck-portfolios-7.jpg\" class=\"attachment-full size-full\" alt=\"Pr\u00e4gen in der Buchbinderwerkstatt\" srcset=\"https:\/\/hhportfolios.com\/wp-content\/uploads\/2019\/03\/heiner-hauck-portfolios-7-200x133.jpg 200w, https:\/\/hhportfolios.com\/wp-content\/uploads\/2019\/03\/heiner-hauck-portfolios-7-400x267.jpg 400w, https:\/\/hhportfolios.com\/wp-content\/uploads\/2019\/03\/heiner-hauck-portfolios-7.jpg 600w\" sizes=\"(max-width: 600px) 100vw, 600px\" \/><\/div><\/div><\/div><div class=\"swiper-slide\"><div class=\"fusion-carousel-item-wrapper\"><div class=\"fusion-image-wrapper hover-type-none\"><img decoding=\"async\" width=\"600\" height=\"400\" src=\"https:\/\/hhportfolios.com\/wp-content\/uploads\/2019\/03\/heiner-hauck-portfolios-48.jpg\" class=\"attachment-full size-full\" alt=\"Galeriebild Buchbinderwerkstatt Berlin\" srcset=\"https:\/\/hhportfolios.com\/wp-content\/uploads\/2019\/03\/heiner-hauck-portfolios-48-200x133.jpg 200w, https:\/\/hhportfolios.com\/wp-content\/uploads\/2019\/03\/heiner-hauck-portfolios-48-400x267.jpg 400w, https:\/\/hhportfolios.com\/wp-content\/uploads\/2019\/03\/heiner-hauck-portfolios-48.jpg 600w\" sizes=\"(max-width: 600px) 100vw, 600px\" \/><\/div><\/div><\/div><div class=\"swiper-slide\"><div class=\"fusion-carousel-item-wrapper\"><div class=\"fusion-image-wrapper hover-type-none\"><img decoding=\"async\" width=\"600\" height=\"400\" src=\"https:\/\/hhportfolios.com\/wp-content\/uploads\/2019\/03\/heiner-hauck-portfolios-52.jpg\" class=\"attachment-full size-full\" alt=\"Galeriebild Buchbinderwerkstatt Berlin\" srcset=\"https:\/\/hhportfolios.com\/wp-content\/uploads\/2019\/03\/heiner-hauck-portfolios-52-200x133.jpg 200w, https:\/\/hhportfolios.com\/wp-content\/uploads\/2019\/03\/heiner-hauck-portfolios-52-400x267.jpg 400w, https:\/\/hhportfolios.com\/wp-content\/uploads\/2019\/03\/heiner-hauck-portfolios-52.jpg 600w\" sizes=\"(max-width: 600px) 100vw, 600px\" \/><\/div><\/div><\/div><div class=\"swiper-slide\"><div class=\"fusion-carousel-item-wrapper\"><div class=\"fusion-image-wrapper hover-type-none\"><img decoding=\"async\" width=\"600\" height=\"400\" src=\"https:\/\/hhportfolios.com\/wp-content\/uploads\/2019\/03\/heiner-hauck-portfolios-49.jpg\" class=\"attachment-full size-full\" alt=\"Galeriebild Buchbinderwerkstatt Berlin\" srcset=\"https:\/\/hhportfolios.com\/wp-content\/uploads\/2019\/03\/heiner-hauck-portfolios-49-200x133.jpg 200w, https:\/\/hhportfolios.com\/wp-content\/uploads\/2019\/03\/heiner-hauck-portfolios-49-400x267.jpg 400w, https:\/\/hhportfolios.com\/wp-content\/uploads\/2019\/03\/heiner-hauck-portfolios-49.jpg 600w\" sizes=\"(max-width: 600px) 100vw, 600px\" \/><\/div><\/div><\/div><div class=\"swiper-slide\"><div class=\"fusion-carousel-item-wrapper\"><div class=\"fusion-image-wrapper hover-type-none\"><img decoding=\"async\" width=\"600\" height=\"400\" src=\"https:\/\/hhportfolios.com\/wp-content\/uploads\/2019\/03\/heiner-hauck-portfolios-54.jpg\" class=\"attachment-full size-full\" alt=\"Galeriebild Buchbinderwerkstatt Berlin\" srcset=\"https:\/\/hhportfolios.com\/wp-content\/uploads\/2019\/03\/heiner-hauck-portfolios-54-200x133.jpg 200w, https:\/\/hhportfolios.com\/wp-content\/uploads\/2019\/03\/heiner-hauck-portfolios-54-400x267.jpg 400w, https:\/\/hhportfolios.com\/wp-content\/uploads\/2019\/03\/heiner-hauck-portfolios-54.jpg 600w\" sizes=\"(max-width: 600px) 100vw, 600px\" \/><\/div><\/div><\/div><div class=\"swiper-slide\"><div class=\"fusion-carousel-item-wrapper\"><div class=\"fusion-image-wrapper hover-type-none\"><img decoding=\"async\" width=\"600\" height=\"400\" src=\"https:\/\/hhportfolios.com\/wp-content\/uploads\/2019\/03\/heiner-hauck-portfolios-63.jpg\" class=\"attachment-full size-full\" alt=\"Galeriebild Buchbinderwerkstatt Berlin\" srcset=\"https:\/\/hhportfolios.com\/wp-content\/uploads\/2019\/03\/heiner-hauck-portfolios-63-200x133.jpg 200w, https:\/\/hhportfolios.com\/wp-content\/uploads\/2019\/03\/heiner-hauck-portfolios-63-400x267.jpg 400w, https:\/\/hhportfolios.com\/wp-content\/uploads\/2019\/03\/heiner-hauck-portfolios-63.jpg 600w\" sizes=\"(max-width: 600px) 100vw, 600px\" \/><\/div><\/div><\/div><div class=\"swiper-slide\"><div class=\"fusion-carousel-item-wrapper\"><div class=\"fusion-image-wrapper hover-type-none\"><img decoding=\"async\" width=\"600\" height=\"400\" src=\"https:\/\/hhportfolios.com\/wp-content\/uploads\/2019\/03\/heiner-hauck-portfolios-62.jpg\" class=\"attachment-full size-full\" alt=\"Galeriebild Buchbinderwerkstatt Berlin\" srcset=\"https:\/\/hhportfolios.com\/wp-content\/uploads\/2019\/03\/heiner-hauck-portfolios-62-200x133.jpg 200w, https:\/\/hhportfolios.com\/wp-content\/uploads\/2019\/03\/heiner-hauck-portfolios-62-400x267.jpg 400w, https:\/\/hhportfolios.com\/wp-content\/uploads\/2019\/03\/heiner-hauck-portfolios-62.jpg 600w\" sizes=\"(max-width: 600px) 100vw, 600px\" \/><\/div><\/div><\/div><div class=\"swiper-slide\"><div class=\"fusion-carousel-item-wrapper\"><div class=\"fusion-image-wrapper hover-type-none\"><img decoding=\"async\" width=\"600\" height=\"400\" src=\"https:\/\/hhportfolios.com\/wp-content\/uploads\/2019\/03\/heiner-hauck-portfolios-37.jpg\" class=\"attachment-full size-full\" alt=\"Buch-Restauration in der Buchbinderei\" srcset=\"https:\/\/hhportfolios.com\/wp-content\/uploads\/2019\/03\/heiner-hauck-portfolios-37-200x133.jpg 200w, https:\/\/hhportfolios.com\/wp-content\/uploads\/2019\/03\/heiner-hauck-portfolios-37-400x267.jpg 400w, https:\/\/hhportfolios.com\/wp-content\/uploads\/2019\/03\/heiner-hauck-portfolios-37.jpg 600w\" sizes=\"(max-width: 600px) 100vw, 600px\" \/><\/div><\/div><\/div><div class=\"swiper-slide\"><div class=\"fusion-carousel-item-wrapper\"><div class=\"fusion-image-wrapper hover-type-none\"><img decoding=\"async\" width=\"600\" height=\"400\" src=\"https:\/\/hhportfolios.com\/wp-content\/uploads\/2019\/03\/heiner-hauck-portfolios-44.jpg\" class=\"attachment-full size-full\" alt=\"Buch-Restauration in der Buchbinderei\" srcset=\"https:\/\/hhportfolios.com\/wp-content\/uploads\/2019\/03\/heiner-hauck-portfolios-44-200x133.jpg 200w, https:\/\/hhportfolios.com\/wp-content\/uploads\/2019\/03\/heiner-hauck-portfolios-44-400x267.jpg 400w, https:\/\/hhportfolios.com\/wp-content\/uploads\/2019\/03\/heiner-hauck-portfolios-44.jpg 600w\" sizes=\"(max-width: 600px) 100vw, 600px\" \/><\/div><\/div><\/div><div class=\"swiper-slide\"><div class=\"fusion-carousel-item-wrapper\"><div class=\"fusion-image-wrapper hover-type-none\"><img decoding=\"async\" width=\"600\" height=\"400\" src=\"https:\/\/hhportfolios.com\/wp-content\/uploads\/2019\/03\/heiner-hauck-portfolios-45.jpg\" class=\"attachment-full size-full\" alt=\"Buch-Restauration in der Buchbinderei\" srcset=\"https:\/\/hhportfolios.com\/wp-content\/uploads\/2019\/03\/heiner-hauck-portfolios-45-200x133.jpg 200w, https:\/\/hhportfolios.com\/wp-content\/uploads\/2019\/03\/heiner-hauck-portfolios-45-400x267.jpg 400w, https:\/\/hhportfolios.com\/wp-content\/uploads\/2019\/03\/heiner-hauck-portfolios-45.jpg 600w\" sizes=\"(max-width: 600px) 100vw, 600px\" \/><\/div><\/div><\/div><div class=\"swiper-slide\"><div class=\"fusion-carousel-item-wrapper\"><div class=\"fusion-image-wrapper hover-type-none\"><img decoding=\"async\" width=\"600\" height=\"400\" src=\"https:\/\/hhportfolios.com\/wp-content\/uploads\/2019\/03\/heiner-hauck-portfolios-46.jpg\" class=\"attachment-full size-full\" alt=\"Buch-Restauration in der Buchbinderei\" srcset=\"https:\/\/hhportfolios.com\/wp-content\/uploads\/2019\/03\/heiner-hauck-portfolios-46-200x133.jpg 200w, https:\/\/hhportfolios.com\/wp-content\/uploads\/2019\/03\/heiner-hauck-portfolios-46-400x267.jpg 400w, https:\/\/hhportfolios.com\/wp-content\/uploads\/2019\/03\/heiner-hauck-portfolios-46.jpg 600w\" sizes=\"(max-width: 600px) 100vw, 600px\" \/><\/div><\/div><\/div><\/div><div class=\"awb-swiper-button awb-swiper-button-prev\"><i class=\"awb-icon-angle-left\" aria-hidden=\"true\"><\/i><\/div><div class=\"awb-swiper-button awb-swiper-button-next\"><i class=\"awb-icon-angle-right\" aria-hidden=\"true\"><\/i><\/div><\/div><\/div><div class=\"fusion-clearfix\"><\/div><\/div><\/div><\/div><\/div><\/p>\n","protected":false},"excerpt":{"rendered":"","protected":false},"author":2,"featured_media":0,"parent":0,"menu_order":0,"comment_status":"closed","ping_status":"closed","template":"","meta":{"footnotes":""},"class_list":["post-315","page","type-page","status-publish","hentry"],"_links":{"self":[{"href":"https:\/\/hhportfolios.com\/en\/wp-json\/wp\/v2\/pages\/315","targetHints":{"allow":["GET"]}}],"collection":[{"href":"https:\/\/hhportfolios.com\/en\/wp-json\/wp\/v2\/pages"}],"about":[{"href":"https:\/\/hhportfolios.com\/en\/wp-json\/wp\/v2\/types\/page"}],"author":[{"embeddable":true,"href":"https:\/\/hhportfolios.com\/en\/wp-json\/wp\/v2\/users\/2"}],"replies":[{"embeddable":true,"href":"https:\/\/hhportfolios.com\/en\/wp-json\/wp\/v2\/comments?post=315"}],"version-history":[{"count":0,"href":"https:\/\/hhportfolios.com\/en\/wp-json\/wp\/v2\/pages\/315\/revisions"}],"wp:attachment":[{"href":"https:\/\/hhportfolios.com\/en\/wp-json\/wp\/v2\/media?parent=315"}],"curies":[{"name":"wp","href":"https:\/\/api.w.org\/{rel}","templated":true}]}}